{"id":624,"date":"2021-05-06T09:17:43","date_gmt":"2021-05-06T09:17:43","guid":{"rendered":"https:\/\/bslthemes.com\/tastyc\/?page_id=624"},"modified":"2024-09-10T09:57:07","modified_gmt":"2024-09-10T09:57:07","slug":"contacto","status":"publish","type":"page","link":"https:\/\/curuxera.es\/?page_id=624","title":{"rendered":"Contacto"},"content":{"rendered":"\t\t<div data-elementor-type=\"wp-page\" data-elementor-id=\"624\" class=\"elementor elementor-624\" data-elementor-post-type=\"page\">\n\t\t\t\t\t\t<section class=\"elementor-section elementor-top-section elementor-element elementor-element-61329c8 elementor-section-full_width elementor-section-height-default elementor-section-height-default\" data-id=\"61329c8\" data-element_type=\"section\" data-e-type=\"section\">\n\t\t\t\t\t\t<div class=\"elementor-container elementor-column-gap-no\">\n\t\t\t\t\t<div class=\"elementor-column elementor-col-100 elementor-top-column elementor-element elementor-element-b60feac\" data-id=\"b60feac\" data-element_type=\"column\" data-e-type=\"column\">\n\t\t\t<div class=\"elementor-widget-wrap elementor-element-populated\">\n\t\t\t\t\t\t<div class=\"elementor-element elementor-element-ceaed43 elementor-widget elementor-widget-tastyc-services\" data-id=\"ceaed43\" data-element_type=\"widget\" data-e-type=\"widget\" data-widget_type=\"tastyc-services.default\">\n\t\t\t\t<div class=\"elementor-widget-container\">\n\t\t\t\t\t\n\t\t<!-- container -->\n\t\t<div class=\"container\">\n\n\t\t<div class=\"row\">\n\t\t            <div class=\"col-lg-12\">\n\n            <!-- title -->\n            <div class=\"text-center\">\n                            <div class=\"tst-suptitle tst-suptitle-center tst-mb-15\">\n              \t<span >\n\t\t          \tNos hablamos\t\t        <\/span>\n              <\/div>\n                                          <h2 class=\"tst-title--h tst-mb-30\">\n              \t<span >\n\t\t          \tContacto\t\t        <\/span>\n              <\/h2>\n                                          <p class=\"tst-text tst-title--desc tst-mb-60\">\n              \t<span >\n\t\t          \tQueremos saber qu\u00e9 piensas. Resolveremos cualquiera de tus dudas.\t\t        <\/span>\n              <\/p>\n                          <\/div>\n            <!-- title end -->\n\n          <\/div>\n          \n          \t\t            <div class=\"col-lg-4\">\n\n            <!-- icon box -->\n            <div class=\"tst-icon-box tst-mb-60\">\n\t\t\t                              <img decoding=\"async\" src=\"https:\/\/curuxera.es\/wp-content\/uploads\/2022\/08\/icon-contact-email-w.png\" alt=\"icono email\" class=\"tst-mb-30\" \/>\n              \t\t\t                              <h5 class=\"tst-mb-30\">\n              \t<span >\n\t        \t\tEscr\u00edbenos\t        \t<\/span>\n              <\/h5>\n                                          <div class=\"tst-text\">\n              \t<div >\n\t        \t\t<p><a href=\"mailto:info@curuxera.es\">info@curuxera.es<\/a><\/p>\t        \t<\/div>\n              <\/div>\n                          <\/div>\n            <!-- icon box end -->\n\n          <\/div>\n                    <div class=\"col-lg-4\">\n\n            <!-- icon box -->\n            <div class=\"tst-icon-box tst-mb-60\">\n\t\t\t                              <img decoding=\"async\" src=\"https:\/\/curuxera.es\/wp-content\/uploads\/2022\/08\/icon-contact-adr-w.png\" alt=\"icono mapa\" class=\"tst-mb-30\" \/>\n              \t\t\t                              <h5 class=\"tst-mb-30\">\n              \t<span >\n\t        \t\tLl\u00e1manos\t        \t<\/span>\n              <\/h5>\n                                          <div class=\"tst-text\">\n              \t<div >\n\t        \t\t<p>Llangreu: <a href=\"tel:+34985696625\">985 696 625<\/a><\/p><p>Xix\u00f3n: <a href=\"tel:+34984 081099\" data-dtype=\"d3ph\" data-local-attribute=\"d3ph\" data-ved=\"2ahUKEwii28iZiuCHAxVGS_EDHaM1IFoQkAgoAHoECEYQAw\"><span aria-label=\"Llamar al n\u00famero de tel\u00e9fono 984 08 10 99\">984 08 10 99<\/span><\/a><\/p>\t        \t<\/div>\n              <\/div>\n                          <\/div>\n            <!-- icon box end -->\n\n          <\/div>\n                    <div class=\"col-lg-4\">\n\n            <!-- icon box -->\n            <div class=\"tst-icon-box tst-mb-60\">\n\t\t\t                              <img decoding=\"async\" src=\"\" alt=\"\" class=\"tst-mb-30\" \/>\n              \t\t\t                              <h5 class=\"tst-mb-30\">\n              \t<span >\n\t        \t\tVen a vernos\t        \t<\/span>\n              <\/h5>\n                                          <div class=\"tst-text\">\n              \t<div >\n\t        \t\t<p>Llangreu: <a href=\"https:\/\/www.google.es\/maps\/place\/CURUXERA+brewery%2Fpizzeria\/@43.3075732,-5.6928433,17z\/data=!3m1!4b1!4m6!3m5!1s0xd365fbb42bdc329:0xfc4a59b5efaad91f!8m2!3d43.3075693!4d-5.690263!16s%2Fg%2F1v_s74wb?entry=ttu\">Juli\u00e1n Duro, 22 \u00b7 Langreo . Asturias<\/a><\/p><p>Xix\u00f3n: <a href=\"https:\/\/www.google.com\/maps\/place\/\/data=!4m2!3m1!1s0xd367d3ef5e856dd:0xaba7a448333bf6e0?sa=X&amp;ved=1t:8290&amp;ictx=111\" data-url=\"\/maps\/place\/\/data=!4m2!3m1!1s0xd367d3ef5e856dd:0xaba7a448333bf6e0?sa=X&amp;ved=2ahUKEwii28iZiuCHAxVGS_EDHaM1IFoQ4kB6BAgREAA\">Marqu\u00e9s de Urquijo, 24, Gijon-Este, 33203 Gij\u00f3n, Asturias<\/a><\/p>\t        \t<\/div>\n              <\/div>\n                          <\/div>\n            <!-- icon box end -->\n\n          <\/div>\n                    \n        <\/div>\n\n        <div class=\"tst-spacer tst-spacer-only-bottom-space\"><\/div>\n\n\t\t<\/div>\n\t\t<!-- container end -->\n\n\t\t\t\t\t\t<\/div>\n\t\t\t\t<\/div>\n\t\t\t\t\t<\/div>\n\t\t<\/div>\n\t\t\t\t\t<\/div>\n\t\t<\/section>\n\t\t\t\t<section class=\"elementor-section elementor-top-section elementor-element elementor-element-db94581 elementor-section-full_width elementor-section-height-default elementor-section-height-default\" data-id=\"db94581\" data-element_type=\"section\" data-e-type=\"section\">\n\t\t\t\t\t\t<div class=\"elementor-container elementor-column-gap-no\">\n\t\t\t\t\t<div class=\"elementor-column elementor-col-100 elementor-top-column elementor-element elementor-element-c1160d2\" data-id=\"c1160d2\" data-element_type=\"column\" data-e-type=\"column\">\n\t\t\t<div class=\"elementor-widget-wrap elementor-element-populated\">\n\t\t\t\t\t\t<div class=\"elementor-element elementor-element-ac1b8dc elementor-widget elementor-widget-tastyc-contact-form\" data-id=\"ac1b8dc\" data-element_type=\"widget\" data-e-type=\"widget\" data-widget_type=\"tastyc-contact-form.default\">\n\t\t\t\t<div class=\"elementor-widget-container\">\n\t\t\t\t\t\n\t\t<!-- container -->\n\t\t<div class=\"container\">\n\n\t\t\t<div class=\"row\">\n\n\t\t\t                <div class=\"col-lg-12\">\n                <!-- title -->\n                <div class=\"text-center\">\n                                    <div class=\"tst-suptitle tst-suptitle-center tst-mb-15\">\n                  \t<span >\n\t\t\t          \tFormulario de contacto\t\t\t        <\/span>\n                  <\/div>\n                                                      <h3 class=\"tst-title--h tst-mb-30\">\n                  \t<span >\n\t\t\t          \tEscr\u00edbenos un mensaje\t\t\t        <\/span>\n                  <\/h3>\n                                                      <p class=\"tst-text tst-mb-60\">\n                  \t<span >\n\t\t\t          \tTe responderemos a la mayor brevedad.\t\t\t        <\/span>\n                  <\/p>\n                                  <\/div>\n                <!-- title end -->\n              <\/div>\n          \t  \n          \t                <div class=\"col-lg-12\">\n                \n<div class=\"wpcf7 no-js\" id=\"wpcf7-f669-o1\" lang=\"en-US\" dir=\"ltr\" data-wpcf7-id=\"669\">\n<div class=\"screen-reader-response\"><p role=\"status\" aria-live=\"polite\" aria-atomic=\"true\"><\/p> <ul><\/ul><\/div>\n<form action=\"\/index.php?rest_route=%2Fwp%2Fv2%2Fpages%2F624#wpcf7-f669-o1\" method=\"post\" class=\"wpcf7-form init\" aria-label=\"Contact form\" novalidate=\"novalidate\" data-status=\"init\">\n<fieldset class=\"hidden-fields-container\"><input type=\"hidden\" name=\"_wpcf7\" value=\"669\" \/><input type=\"hidden\" name=\"_wpcf7_version\" value=\"6.1.5\" \/><input type=\"hidden\" name=\"_wpcf7_locale\" value=\"en_US\" \/><input type=\"hidden\" name=\"_wpcf7_unit_tag\" value=\"wpcf7-f669-o1\" \/><input type=\"hidden\" name=\"_wpcf7_container_post\" value=\"0\" \/><input type=\"hidden\" name=\"_wpcf7_posted_data_hash\" value=\"\" \/>\n<\/fieldset>\n<div class=\"text-center\">\n <div class=\"row\">\n  <div class=\"col-lg-6\">\n   <span class=\"wpcf7-form-control-wrap\" data-name=\"cf_firstname\"><input size=\"40\" maxlength=\"400\" class=\"wpcf7-form-control wpcf7-text wpcf7-validates-as-required\" aria-required=\"true\" aria-invalid=\"false\" placeholder=\"Nombre\" value=\"\" type=\"text\" name=\"cf_firstname\" \/><\/span>\n  <\/div>\n  <div class=\"col-lg-6\">\n   <span class=\"wpcf7-form-control-wrap\" data-name=\"cf_lastname\"><input size=\"40\" maxlength=\"400\" class=\"wpcf7-form-control wpcf7-text wpcf7-validates-as-required\" aria-required=\"true\" aria-invalid=\"false\" placeholder=\"Apellidos\" value=\"\" type=\"text\" name=\"cf_lastname\" \/><\/span>\n  <\/div>\n  <div class=\"col-lg-6\">\n   <span class=\"wpcf7-form-control-wrap\" data-name=\"cf_phone\"><input size=\"40\" maxlength=\"400\" class=\"wpcf7-form-control wpcf7-tel wpcf7-validates-as-required wpcf7-text wpcf7-validates-as-tel\" aria-required=\"true\" aria-invalid=\"false\" placeholder=\"Tel\u00e9fono\" value=\"\" type=\"tel\" name=\"cf_phone\" \/><\/span>\n  <\/div>\n  <div class=\"col-lg-6\">\n   <span class=\"wpcf7-form-control-wrap\" data-name=\"cf_email\"><input size=\"40\" maxlength=\"400\" class=\"wpcf7-form-control wpcf7-email wpcf7-validates-as-required wpcf7-text wpcf7-validates-as-email\" aria-required=\"true\" aria-invalid=\"false\" placeholder=\"Email\" value=\"\" type=\"email\" name=\"cf_email\" \/><\/span>\n  <\/div>\n  <div class=\"col-lg-12\">\n   <span class=\"wpcf7-form-control-wrap\" data-name=\"cf_text\"><textarea cols=\"40\" rows=\"10\" maxlength=\"2000\" class=\"wpcf7-form-control wpcf7-textarea wpcf7-validates-as-required\" aria-required=\"true\" aria-invalid=\"false\" placeholder=\"Mensaje\" name=\"cf_text\"><\/textarea><\/span>\n  <\/div>\n <\/div>\n <button class=\"tst-btn\" type=\"submit\" name=\"button\">Enviar<\/button>\n<\/div><div class=\"wpcf7-response-output\" aria-hidden=\"true\"><\/div>\n<\/form>\n<\/div>\n              <\/div>\n              \n            <\/div>\n\n        <\/div>\n\n\t\t<!-- container end -->\n\n\t\t\t\t\t\t<\/div>\n\t\t\t\t<\/div>\n\t\t\t\t\t<\/div>\n\t\t<\/div>\n\t\t\t\t\t<\/div>\n\t\t<\/section>\n\t\t\t\t<\/div>\n\t\t","protected":false},"excerpt":{"rendered":"<p>Nos hablamos Contacto Queremos saber qu\u00e9 piensas. Resolveremos cualquiera de tus dudas. Escr\u00edbenos info@curuxera.es Ll\u00e1manos Llangreu: 985 696 625 Xix\u00f3n: 984 08 10 99 Ven a vernos Llangreu: Juli\u00e1n Duro, 22 \u00b7 Langreo . Asturias Xix\u00f3n: Marqu\u00e9s de Urquijo, 24, Gijon-Este, 33203 Gij\u00f3n, Asturias Formulario de contacto Escr\u00edbenos un mensaje Te responderemos a la mayor brevedad. Send a message<\/p>\n","protected":false},"author":1,"featured_media":0,"parent":0,"menu_order":0,"comment_status":"closed","ping_status":"closed","template":"template-layout-builder.php","meta":{"footnotes":""},"class_list":["post-624","page","type-page","status-publish","hentry"],"aioseo_notices":[],"_links":{"self":[{"href":"https:\/\/curuxera.es\/index.php?rest_route=\/wp\/v2\/pages\/624","targetHints":{"allow":["GET"]}}],"collection":[{"href":"https:\/\/curuxera.es\/index.php?rest_route=\/wp\/v2\/pages"}],"about":[{"href":"https:\/\/curuxera.es\/index.php?rest_route=\/wp\/v2\/types\/page"}],"author":[{"embeddable":true,"href":"https:\/\/curuxera.es\/index.php?rest_route=\/wp\/v2\/users\/1"}],"replies":[{"embeddable":true,"href":"https:\/\/curuxera.es\/index.php?rest_route=%2Fwp%2Fv2%2Fcomments&post=624"}],"version-history":[{"count":7,"href":"https:\/\/curuxera.es\/index.php?rest_route=\/wp\/v2\/pages\/624\/revisions"}],"predecessor-version":[{"id":3517,"href":"https:\/\/curuxera.es\/index.php?rest_route=\/wp\/v2\/pages\/624\/revisions\/3517"}],"wp:attachment":[{"href":"https:\/\/curuxera.es\/index.php?rest_route=%2Fwp%2Fv2%2Fmedia&parent=624"}],"curies":[{"name":"wp","href":"https:\/\/api.w.org\/{rel}","templated":true}]}}